{"id":3884,"date":"2016-03-10T15:50:38","date_gmt":"2016-03-10T14:50:38","guid":{"rendered":"http:\/\/www.pepinieres-maymou.com\/galerie-photos\/?lang=es"},"modified":"2016-03-21T17:39:59","modified_gmt":"2016-03-21T16:39:59","slug":"galerie-photos","status":"publish","type":"page","link":"https:\/\/www.pepinieres-maymou.com\/es\/galerie-photos\/","title":{"rendered":"Galer\u00eda"},"content":{"rendered":"<div class=\"wpb-content-wrapper\"><p>[vc_row][vc_column][vc_text_separator title=\u00bbGaler\u00eda fotogr\u00e1fica\u00bb title_align=\u00bbseparator_align_left\u00bb color=\u00bbcustom\u00bb accent_color=\u00bb#9f3337&#8243; el_class=\u00bbh3&#8243;][\/vc_column][\/vc_row][vc_row][vc_column][vc_gallery type=\u00bbimage_grid\u00bb images=\u00bb3752,3751,3750,3749,3748,3747,3746,3745,3744,3743,3742,3741,3739,3738,3737,3736,3735,3734,3733,4052,4051&#8243;][\/vc_column][\/vc_row]<\/p>\n<\/div>","protected":false},"excerpt":{"rendered":"<p>[vc_row][vc_column][vc_text_separator title=\u00bbGaler\u00eda fotogr\u00e1fica\u00bb title_align=\u00bbseparator_align_left\u00bb color=\u00bbcustom\u00bb accent_color=\u00bb#9f3337&#8243; el_class=\u00bbh3&#8243;][\/vc_column][\/vc_row][vc_row][vc_column][vc_gallery type=\u00bbimage_grid\u00bb images=\u00bb3752,3751,3750,3749,3748,3747,3746,3745,3744,3743,3742,3741,3739,3738,3737,3736,3735,3734,3733,4052,4051&#8243;][\/vc_column][\/vc_row]<\/p>\n","protected":false},"author":2,"featured_media":0,"parent":0,"menu_order":0,"comment_status":"closed","ping_status":"closed","template":"","meta":{"_acf_changed":false,"footnotes":""},"class_list":["post-3884","page","type-page","status-publish","hentry"],"acf":[],"yoast_head":"<!-- This site is optimized with the Yoast SEO plugin v26.5 - https:\/\/yoast.com\/wordpress\/plugins\/seo\/ -->\n<title>Galer\u00eda - P\u00e9pini\u00e8res Maymou<\/title>\n<meta name=\"robots\" content=\"index, follow, max-snippet:-1, max-image-preview:large, max-video-preview:-1\" \/>\n<link rel=\"canonical\" href=\"https:\/\/www.pepinieres-maymou.com\/es\/galerie-photos\/\" \/>\n<meta property=\"og:locale\" content=\"es_ES\" \/>\n<meta property=\"og:type\" content=\"article\" \/>\n<meta property=\"og:title\" content=\"Galer\u00eda - P\u00e9pini\u00e8res Maymou\" \/>\n<meta property=\"og:description\" content=\"[vc_row][vc_column][vc_text_separator title=\u00bbGaler\u00eda fotogr\u00e1fica\u00bb title_align=\u00bbseparator_align_left\u00bb color=\u00bbcustom\u00bb accent_color=\u00bb#9f3337&#8243; el_class=\u00bbh3&#8243;][\/vc_column][\/vc_row][vc_row][vc_column][vc_gallery type=\u00bbimage_grid\u00bb images=\u00bb3752,3751,3750,3749,3748,3747,3746,3745,3744,3743,3742,3741,3739,3738,3737,3736,3735,3734,3733,4052,4051&#8243;][\/vc_column][\/vc_row]\" \/>\n<meta property=\"og:url\" content=\"https:\/\/www.pepinieres-maymou.com\/es\/galerie-photos\/\" \/>\n<meta property=\"og:site_name\" content=\"P\u00e9pini\u00e8res Maymou\" \/>\n<meta property=\"article:modified_time\" content=\"2016-03-21T16:39:59+00:00\" \/>\n<meta name=\"twitter:card\" content=\"summary_large_image\" \/>\n<script type=\"application\/ld+json\" class=\"yoast-schema-graph\">{\"@context\":\"https:\/\/schema.org\",\"@graph\":[{\"@type\":\"WebPage\",\"@id\":\"https:\/\/www.pepinieres-maymou.com\/es\/galerie-photos\/\",\"url\":\"https:\/\/www.pepinieres-maymou.com\/es\/galerie-photos\/\",\"name\":\"Galer\u00eda - P\u00e9pini\u00e8res Maymou\",\"isPartOf\":{\"@id\":\"https:\/\/www.pepinieres-maymou.com\/#website\"},\"datePublished\":\"2016-03-10T14:50:38+00:00\",\"dateModified\":\"2016-03-21T16:39:59+00:00\",\"breadcrumb\":{\"@id\":\"https:\/\/www.pepinieres-maymou.com\/es\/galerie-photos\/#breadcrumb\"},\"inLanguage\":\"es\",\"potentialAction\":[{\"@type\":\"ReadAction\",\"target\":[\"https:\/\/www.pepinieres-maymou.com\/es\/galerie-photos\/\"]}]},{\"@type\":\"BreadcrumbList\",\"@id\":\"https:\/\/www.pepinieres-maymou.com\/es\/galerie-photos\/#breadcrumb\",\"itemListElement\":[{\"@type\":\"ListItem\",\"position\":1,\"name\":\"Accueil\",\"item\":\"https:\/\/www.pepinieres-maymou.com\/es\/\"},{\"@type\":\"ListItem\",\"position\":2,\"name\":\"Galer\u00eda\"}]},{\"@type\":\"WebSite\",\"@id\":\"https:\/\/www.pepinieres-maymou.com\/#website\",\"url\":\"https:\/\/www.pepinieres-maymou.com\/\",\"name\":\"P\u00e9pini\u00e8res Maymou\",\"description\":\"Un site class\u00e9 au c\u0153ur de Bayonne\",\"potentialAction\":[{\"@type\":\"SearchAction\",\"target\":{\"@type\":\"EntryPoint\",\"urlTemplate\":\"https:\/\/www.pepinieres-maymou.com\/?s={search_term_string}\"},\"query-input\":{\"@type\":\"PropertyValueSpecification\",\"valueRequired\":true,\"valueName\":\"search_term_string\"}}],\"inLanguage\":\"es\"}]}<\/script>\n<!-- \/ Yoast SEO plugin. -->","yoast_head_json":{"title":"Galer\u00eda - P\u00e9pini\u00e8res Maymou","robots":{"index":"index","follow":"follow","max-snippet":"max-snippet:-1","max-image-preview":"max-image-preview:large","max-video-preview":"max-video-preview:-1"},"canonical":"https:\/\/www.pepinieres-maymou.com\/es\/galerie-photos\/","og_locale":"es_ES","og_type":"article","og_title":"Galer\u00eda - P\u00e9pini\u00e8res Maymou","og_description":"[vc_row][vc_column][vc_text_separator title=\u00bbGaler\u00eda fotogr\u00e1fica\u00bb title_align=\u00bbseparator_align_left\u00bb color=\u00bbcustom\u00bb accent_color=\u00bb#9f3337&#8243; el_class=\u00bbh3&#8243;][\/vc_column][\/vc_row][vc_row][vc_column][vc_gallery type=\u00bbimage_grid\u00bb images=\u00bb3752,3751,3750,3749,3748,3747,3746,3745,3744,3743,3742,3741,3739,3738,3737,3736,3735,3734,3733,4052,4051&#8243;][\/vc_column][\/vc_row]","og_url":"https:\/\/www.pepinieres-maymou.com\/es\/galerie-photos\/","og_site_name":"P\u00e9pini\u00e8res Maymou","article_modified_time":"2016-03-21T16:39:59+00:00","twitter_card":"summary_large_image","schema":{"@context":"https:\/\/schema.org","@graph":[{"@type":"WebPage","@id":"https:\/\/www.pepinieres-maymou.com\/es\/galerie-photos\/","url":"https:\/\/www.pepinieres-maymou.com\/es\/galerie-photos\/","name":"Galer\u00eda - P\u00e9pini\u00e8res Maymou","isPartOf":{"@id":"https:\/\/www.pepinieres-maymou.com\/#website"},"datePublished":"2016-03-10T14:50:38+00:00","dateModified":"2016-03-21T16:39:59+00:00","breadcrumb":{"@id":"https:\/\/www.pepinieres-maymou.com\/es\/galerie-photos\/#breadcrumb"},"inLanguage":"es","potentialAction":[{"@type":"ReadAction","target":["https:\/\/www.pepinieres-maymou.com\/es\/galerie-photos\/"]}]},{"@type":"BreadcrumbList","@id":"https:\/\/www.pepinieres-maymou.com\/es\/galerie-photos\/#breadcrumb","itemListElement":[{"@type":"ListItem","position":1,"name":"Accueil","item":"https:\/\/www.pepinieres-maymou.com\/es\/"},{"@type":"ListItem","position":2,"name":"Galer\u00eda"}]},{"@type":"WebSite","@id":"https:\/\/www.pepinieres-maymou.com\/#website","url":"https:\/\/www.pepinieres-maymou.com\/","name":"P\u00e9pini\u00e8res Maymou","description":"Un site class\u00e9 au c\u0153ur de Bayonne","potentialAction":[{"@type":"SearchAction","target":{"@type":"EntryPoint","urlTemplate":"https:\/\/www.pepinieres-maymou.com\/?s={search_term_string}"},"query-input":{"@type":"PropertyValueSpecification","valueRequired":true,"valueName":"search_term_string"}}],"inLanguage":"es"}]}},"_links":{"self":[{"href":"https:\/\/www.pepinieres-maymou.com\/es\/wp-json\/wp\/v2\/pages\/3884","targetHints":{"allow":["GET"]}}],"collection":[{"href":"https:\/\/www.pepinieres-maymou.com\/es\/wp-json\/wp\/v2\/pages"}],"about":[{"href":"https:\/\/www.pepinieres-maymou.com\/es\/wp-json\/wp\/v2\/types\/page"}],"author":[{"embeddable":true,"href":"https:\/\/www.pepinieres-maymou.com\/es\/wp-json\/wp\/v2\/users\/2"}],"replies":[{"embeddable":true,"href":"https:\/\/www.pepinieres-maymou.com\/es\/wp-json\/wp\/v2\/comments?post=3884"}],"version-history":[{"count":8,"href":"https:\/\/www.pepinieres-maymou.com\/es\/wp-json\/wp\/v2\/pages\/3884\/revisions"}],"predecessor-version":[{"id":4055,"href":"https:\/\/www.pepinieres-maymou.com\/es\/wp-json\/wp\/v2\/pages\/3884\/revisions\/4055"}],"wp:attachment":[{"href":"https:\/\/www.pepinieres-maymou.com\/es\/wp-json\/wp\/v2\/media?parent=3884"}],"curies":[{"name":"wp","href":"https:\/\/api.w.org\/{rel}","templated":true}]}}