{"id":3889,"date":"2016-03-11T13:09:25","date_gmt":"2016-03-11T12:09:25","guid":{"rendered":"http:\/\/www.pepinieres-maymou.com\/mentions-legales\/?lang=es"},"modified":"2025-04-14T13:37:04","modified_gmt":"2025-04-14T12:37:04","slug":"mentions-legales","status":"publish","type":"page","link":"https:\/\/www.pepinieres-maymou.com\/es\/mentions-legales\/","title":{"rendered":"Mentions l\u00e9gales"},"content":{"rendered":"<div class=\"wpb-content-wrapper\"><p>[vc_row][vc_column width=\u00bb1\/2&#8243;][vc_text_separator title=\u00bbMentions l\u00e9gales\u00bb title_align=\u00bbseparator_align_left\u00bb el_class=\u00bbh3&#8243;][vc_column_text]Site con\u00e7u par <a href=\"http:\/\/www.enfiligrane.fr\/\" target=\"_blank\">En Filigrane<\/a><\/p>\n<p>Photos du site : P\u00e9pini\u00e8res Maymou<\/p>\n<p><strong>P\u00e9pini\u00e8res Maymou<\/strong><br \/>\nE.A.R.L.65<br \/>\nChemin du Moulin de Habas<br \/>\n64100 Bayonne<br \/>\nFrance<br \/>\nTel. 05.59.55.05.24<br \/>\nFax. 05.59.50.16.52<br \/>\nCourriel : pepinieres-maymou@orange.fr<br \/>\nPASSEPORT PHYTOSANITAIRE AQ 000274<\/p>\n<p><strong>H\u00e9bergement :<\/strong><br \/>\nNFRANCE CONSEIL<br \/>\n4 rue J.F. Kennedy<br \/>\n31000 Toulouse<br \/>\nT\u00e9l : 05.34.455.500<br \/>\nFax : 05.34.455.507<br \/>\ninfo@nfrance.com<\/p>\n<p>TRAITEMENT DES DONNEES<\/p>\n<p>Les informations qui vous concernent sont destin\u00e9es aux p\u00e9pini\u00e8res Maymou.<\/p>\n<p>Vous disposez d&#8217;un droit d&#8217;acc\u00e8s, de modification, de rectification et de suppression des donn\u00e9es qui vous concernent (art. 34 de la loi \u00abInformatique et libert\u00e9s\u00bb du 06\/01\/78).<\/p>\n<p>Pour l&#8217;exercer, envoyez un courriel \u00e0 pepinieres-maymou@orange.fr[\/vc_column_text][\/vc_column][vc_column width=\u00bb1\/2&#8243;][vc_single_image image=\u00bb3868&#8243; img_size=\u00bblarge\u00bb][\/vc_column][\/vc_row]<\/p>\n<\/div>","protected":false},"excerpt":{"rendered":"<p>[vc_row][vc_column width=\u00bb1\/2&#8243;][vc_text_separator title=\u00bbMentions l\u00e9gales\u00bb title_align=\u00bbseparator_align_left\u00bb el_class=\u00bbh3&#8243;][vc_column_text]Site con\u00e7u par En Filigrane Photos du site : P\u00e9pini\u00e8res Maymou P\u00e9pini\u00e8res Maymou E.A.R.L.65 Chemin du Moulin de Habas 64100 Bayonne France Tel. 05.59.55.05.24 Fax. 05.59.50.16.52 Courriel : pepinieres-maymou@orange.fr PASSEPORT PHYTOSANITAIRE AQ 000274 H\u00e9bergement : NFRANCE CONSEIL 4 rue J.F. Kennedy 31000 Toulouse T\u00e9l : 05.34.455.500 Fax : 05.34.455.507 info@nfrance.com&hellip;<\/p>\n","protected":false},"author":2,"featured_media":0,"parent":0,"menu_order":0,"comment_status":"closed","ping_status":"closed","template":"","meta":{"_acf_changed":false,"footnotes":""},"class_list":["post-3889","page","type-page","status-publish","hentry"],"acf":[],"yoast_head":"<!-- This site is optimized with the Yoast SEO plugin v26.5 - https:\/\/yoast.com\/wordpress\/plugins\/seo\/ -->\n<title>Mentions l\u00e9gales - P\u00e9pini\u00e8res Maymou<\/title>\n<meta name=\"robots\" content=\"index, follow, max-snippet:-1, max-image-preview:large, max-video-preview:-1\" \/>\n<link rel=\"canonical\" href=\"https:\/\/www.pepinieres-maymou.com\/es\/mentions-legales\/\" \/>\n<meta property=\"og:locale\" content=\"es_ES\" \/>\n<meta property=\"og:type\" content=\"article\" \/>\n<meta property=\"og:title\" content=\"Mentions l\u00e9gales - P\u00e9pini\u00e8res Maymou\" \/>\n<meta property=\"og:description\" content=\"[vc_row][vc_column width=\u00bb1\/2&#8243;][vc_text_separator title=\u00bbMentions l\u00e9gales\u00bb title_align=\u00bbseparator_align_left\u00bb el_class=\u00bbh3&#8243;][vc_column_text]Site con\u00e7u par En Filigrane Photos du site : P\u00e9pini\u00e8res Maymou P\u00e9pini\u00e8res Maymou E.A.R.L.65 Chemin du Moulin de Habas 64100 Bayonne France Tel. 05.59.55.05.24 Fax. 05.59.50.16.52 Courriel : pepinieres-maymou@orange.fr PASSEPORT PHYTOSANITAIRE AQ 000274 H\u00e9bergement : NFRANCE CONSEIL 4 rue J.F. Kennedy 31000 Toulouse T\u00e9l : 05.34.455.500 Fax : 05.34.455.507 info@nfrance.com&hellip;\" \/>\n<meta property=\"og:url\" content=\"https:\/\/www.pepinieres-maymou.com\/es\/mentions-legales\/\" \/>\n<meta property=\"og:site_name\" content=\"P\u00e9pini\u00e8res Maymou\" \/>\n<meta property=\"article:modified_time\" content=\"2025-04-14T12:37:04+00:00\" \/>\n<meta name=\"twitter:card\" content=\"summary_large_image\" \/>\n<meta name=\"twitter:label1\" content=\"Tiempo de lectura\" \/>\n\t<meta name=\"twitter:data1\" content=\"1 minuto\" \/>\n<script type=\"application\/ld+json\" class=\"yoast-schema-graph\">{\"@context\":\"https:\/\/schema.org\",\"@graph\":[{\"@type\":\"WebPage\",\"@id\":\"https:\/\/www.pepinieres-maymou.com\/es\/mentions-legales\/\",\"url\":\"https:\/\/www.pepinieres-maymou.com\/es\/mentions-legales\/\",\"name\":\"Mentions l\u00e9gales - P\u00e9pini\u00e8res Maymou\",\"isPartOf\":{\"@id\":\"https:\/\/www.pepinieres-maymou.com\/#website\"},\"datePublished\":\"2016-03-11T12:09:25+00:00\",\"dateModified\":\"2025-04-14T12:37:04+00:00\",\"breadcrumb\":{\"@id\":\"https:\/\/www.pepinieres-maymou.com\/es\/mentions-legales\/#breadcrumb\"},\"inLanguage\":\"es\",\"potentialAction\":[{\"@type\":\"ReadAction\",\"target\":[\"https:\/\/www.pepinieres-maymou.com\/es\/mentions-legales\/\"]}]},{\"@type\":\"BreadcrumbList\",\"@id\":\"https:\/\/www.pepinieres-maymou.com\/es\/mentions-legales\/#breadcrumb\",\"itemListElement\":[{\"@type\":\"ListItem\",\"position\":1,\"name\":\"Accueil\",\"item\":\"https:\/\/www.pepinieres-maymou.com\/es\/\"},{\"@type\":\"ListItem\",\"position\":2,\"name\":\"Mentions l\u00e9gales\"}]},{\"@type\":\"WebSite\",\"@id\":\"https:\/\/www.pepinieres-maymou.com\/#website\",\"url\":\"https:\/\/www.pepinieres-maymou.com\/\",\"name\":\"P\u00e9pini\u00e8res Maymou\",\"description\":\"Un site class\u00e9 au c\u0153ur de Bayonne\",\"potentialAction\":[{\"@type\":\"SearchAction\",\"target\":{\"@type\":\"EntryPoint\",\"urlTemplate\":\"https:\/\/www.pepinieres-maymou.com\/?s={search_term_string}\"},\"query-input\":{\"@type\":\"PropertyValueSpecification\",\"valueRequired\":true,\"valueName\":\"search_term_string\"}}],\"inLanguage\":\"es\"}]}<\/script>\n<!-- \/ Yoast SEO plugin. -->","yoast_head_json":{"title":"Mentions l\u00e9gales - P\u00e9pini\u00e8res Maymou","robots":{"index":"index","follow":"follow","max-snippet":"max-snippet:-1","max-image-preview":"max-image-preview:large","max-video-preview":"max-video-preview:-1"},"canonical":"https:\/\/www.pepinieres-maymou.com\/es\/mentions-legales\/","og_locale":"es_ES","og_type":"article","og_title":"Mentions l\u00e9gales - P\u00e9pini\u00e8res Maymou","og_description":"[vc_row][vc_column width=\u00bb1\/2&#8243;][vc_text_separator title=\u00bbMentions l\u00e9gales\u00bb title_align=\u00bbseparator_align_left\u00bb el_class=\u00bbh3&#8243;][vc_column_text]Site con\u00e7u par En Filigrane Photos du site : P\u00e9pini\u00e8res Maymou P\u00e9pini\u00e8res Maymou E.A.R.L.65 Chemin du Moulin de Habas 64100 Bayonne France Tel. 05.59.55.05.24 Fax. 05.59.50.16.52 Courriel : pepinieres-maymou@orange.fr PASSEPORT PHYTOSANITAIRE AQ 000274 H\u00e9bergement : NFRANCE CONSEIL 4 rue J.F. Kennedy 31000 Toulouse T\u00e9l : 05.34.455.500 Fax : 05.34.455.507 info@nfrance.com&hellip;","og_url":"https:\/\/www.pepinieres-maymou.com\/es\/mentions-legales\/","og_site_name":"P\u00e9pini\u00e8res Maymou","article_modified_time":"2025-04-14T12:37:04+00:00","twitter_card":"summary_large_image","twitter_misc":{"Tiempo de lectura":"1 minuto"},"schema":{"@context":"https:\/\/schema.org","@graph":[{"@type":"WebPage","@id":"https:\/\/www.pepinieres-maymou.com\/es\/mentions-legales\/","url":"https:\/\/www.pepinieres-maymou.com\/es\/mentions-legales\/","name":"Mentions l\u00e9gales - P\u00e9pini\u00e8res Maymou","isPartOf":{"@id":"https:\/\/www.pepinieres-maymou.com\/#website"},"datePublished":"2016-03-11T12:09:25+00:00","dateModified":"2025-04-14T12:37:04+00:00","breadcrumb":{"@id":"https:\/\/www.pepinieres-maymou.com\/es\/mentions-legales\/#breadcrumb"},"inLanguage":"es","potentialAction":[{"@type":"ReadAction","target":["https:\/\/www.pepinieres-maymou.com\/es\/mentions-legales\/"]}]},{"@type":"BreadcrumbList","@id":"https:\/\/www.pepinieres-maymou.com\/es\/mentions-legales\/#breadcrumb","itemListElement":[{"@type":"ListItem","position":1,"name":"Accueil","item":"https:\/\/www.pepinieres-maymou.com\/es\/"},{"@type":"ListItem","position":2,"name":"Mentions l\u00e9gales"}]},{"@type":"WebSite","@id":"https:\/\/www.pepinieres-maymou.com\/#website","url":"https:\/\/www.pepinieres-maymou.com\/","name":"P\u00e9pini\u00e8res Maymou","description":"Un site class\u00e9 au c\u0153ur de Bayonne","potentialAction":[{"@type":"SearchAction","target":{"@type":"EntryPoint","urlTemplate":"https:\/\/www.pepinieres-maymou.com\/?s={search_term_string}"},"query-input":{"@type":"PropertyValueSpecification","valueRequired":true,"valueName":"search_term_string"}}],"inLanguage":"es"}]}},"_links":{"self":[{"href":"https:\/\/www.pepinieres-maymou.com\/es\/wp-json\/wp\/v2\/pages\/3889","targetHints":{"allow":["GET"]}}],"collection":[{"href":"https:\/\/www.pepinieres-maymou.com\/es\/wp-json\/wp\/v2\/pages"}],"about":[{"href":"https:\/\/www.pepinieres-maymou.com\/es\/wp-json\/wp\/v2\/types\/page"}],"author":[{"embeddable":true,"href":"https:\/\/www.pepinieres-maymou.com\/es\/wp-json\/wp\/v2\/users\/2"}],"replies":[{"embeddable":true,"href":"https:\/\/www.pepinieres-maymou.com\/es\/wp-json\/wp\/v2\/comments?post=3889"}],"version-history":[{"count":1,"href":"https:\/\/www.pepinieres-maymou.com\/es\/wp-json\/wp\/v2\/pages\/3889\/revisions"}],"predecessor-version":[{"id":4251,"href":"https:\/\/www.pepinieres-maymou.com\/es\/wp-json\/wp\/v2\/pages\/3889\/revisions\/4251"}],"wp:attachment":[{"href":"https:\/\/www.pepinieres-maymou.com\/es\/wp-json\/wp\/v2\/media?parent=3889"}],"curies":[{"name":"wp","href":"https:\/\/api.w.org\/{rel}","templated":true}]}}