{"id":3890,"date":"2016-03-10T15:40:15","date_gmt":"2016-03-10T14:40:15","guid":{"rendered":"http:\/\/www.pepinieres-maymou.com\/un-peu-dhistoire\/?lang=es"},"modified":"2025-04-14T13:37:05","modified_gmt":"2025-04-14T12:37:05","slug":"un-peu-dhistoire","status":"publish","type":"page","link":"https:\/\/www.pepinieres-maymou.com\/es\/un-peu-dhistoire\/","title":{"rendered":"Un peu d&#8217;histoire"},"content":{"rendered":"<div class=\"wpb-content-wrapper\"><p>[vc_row][vc_column][vc_text_separator title=\u00bbLa famille Maymou : p\u00e9pini\u00e9ristes de g\u00e9n\u00e9ration en g\u00e9n\u00e9ration\u00bb title_align=\u00bbseparator_align_left\u00bb color=\u00bbcustom\u00bb accent_color=\u00bb#9f3337&#8243; el_class=\u00bbh3&#8243;][\/vc_column][\/vc_row][vc_row][vc_column width=\u00bb2\/3&#8243;][vc_column_text]<strong>L&#8217;histoire des p\u00e9pini\u00e8res Maymou commence \u00e0 la fin du XIXeme si\u00e8cle<\/strong>, lorsque le jeune Paul Maymou s&#8217;installe dans la r\u00e9gion de Bayonne apr\u00e8s la guerre de 1870. Issu d&#8217;une famille agricole de la Montagne Noire, il d\u00e9couvre le m\u00e9tier de jardinier en travaillant au ch\u00e2teau de Caradoc, puis cr\u00e9e la p\u00e9pini\u00e8re Maymou en 1880. Les registres de l&#8217;\u00e9poque font \u00e9tat d&#8217;une grande quantit\u00e9 d&#8217;arbres fruitiers et de pommiers \u00e0 cidre, des plantes \u00ab utiles \u00bb tr\u00e8s pris\u00e9es par les propri\u00e9taires de l&#8217;\u00e9poque.<\/p>\n<p><strong>Au d\u00e9but du XXeme si\u00e8cle, Paul Maymou transmet l&#8217;affaire familiale \u00e0 son fils Jean<\/strong>. Lors de son apprentissage \u00e0 Moulins, chez Treyves, celui-ci tombe amoureux des \u00e9rables du Japon, qu&#8217;il introduit \u00e0 la p\u00e9pini\u00e8re. Excellent greffeur, il introduit \u00e9galement de nombreuses vari\u00e9t\u00e9s nouvelles. En quelques ann\u00e9es, la p\u00e9pini\u00e8re atteint un tr\u00e8s haut niveau de qualit\u00e9.<\/p>\n<p><strong>En 1930, Paul Maymou, petit-fils du fondateur, rejoint son p\u00e8re \u00e0 la p\u00e9pini\u00e8re<\/strong>. La l\u00e9gende familiale raconte qu&#8217;il greffe son premier arbre au lendemain de son baccalaur\u00e9at. Humaniste, intellectuel, il fait partie de la g\u00e9n\u00e9ration des grands p\u00e9pini\u00e9ristes qui ont marqu\u00e9 l&#8217;histoire de l&#8217;horticulture, comme ses amis Andr\u00e9 Briant d&#8217;Angers et Desmartis de Bergerac. Il d\u00e9m\u00e9nage le si\u00e8ge des p\u00e9pini\u00e8res Maymou sur les marges de l&#8217;ancien plateau mara\u00eecher du Nord de Bayonne. Ce site somptueux de 7 hectares comprend des parties planes pour installer les ch\u00e2ssis de culture et des terrains accident\u00e9s d&#8217;une grande beaut\u00e9, ainsi qu&#8217;une tourbi\u00e8re.<\/p>\n<p><strong>Apr\u00e8s de longues \u00e9tudes, sa fille, Monique Angulo, reprend les r\u00eanes de la p\u00e9pini\u00e8re Maymou dans les ann\u00e9es 2000<\/strong>. Depuis la disparition de son p\u00e8re en 2012, elle est la gardienne du temple de ce lieu extraordinaire et la garante d&#8217;un savoir-faire familial unique. Avec son \u00e9quipe, elle reproduit les gestes de son arri\u00e8re-grand p\u00e8re et fait entrer la p\u00e9pini\u00e8re dans le 21eme si\u00e8cle&#8230;[\/vc_column_text][\/vc_column][vc_column width=\u00bb1\/3&#8243;][vc_single_image image=\u00bb3708&#8243;][vc_single_image image=\u00bb3709&#8243;][vc_single_image image=\u00bb3710&#8243;][\/vc_column][\/vc_row]<\/p>\n<\/div>","protected":false},"excerpt":{"rendered":"<p>[vc_row][vc_column][vc_text_separator title=\u00bbLa famille Maymou : p\u00e9pini\u00e9ristes de g\u00e9n\u00e9ration en g\u00e9n\u00e9ration\u00bb title_align=\u00bbseparator_align_left\u00bb color=\u00bbcustom\u00bb accent_color=\u00bb#9f3337&#8243; el_class=\u00bbh3&#8243;][\/vc_column][\/vc_row][vc_row][vc_column width=\u00bb2\/3&#8243;][vc_column_text]L&#8217;histoire des p\u00e9pini\u00e8res Maymou commence \u00e0 la fin du XIXeme si\u00e8cle, lorsque le jeune Paul Maymou s&#8217;installe dans la r\u00e9gion de Bayonne apr\u00e8s la guerre de 1870. Issu d&#8217;une famille agricole de la Montagne Noire, il d\u00e9couvre le m\u00e9tier de jardinier&hellip;<\/p>\n","protected":false},"author":2,"featured_media":0,"parent":0,"menu_order":0,"comment_status":"closed","ping_status":"closed","template":"","meta":{"_acf_changed":false,"footnotes":""},"class_list":["post-3890","page","type-page","status-publish","hentry"],"acf":[],"yoast_head":"<!-- This site is optimized with the Yoast SEO plugin v26.5 - https:\/\/yoast.com\/wordpress\/plugins\/seo\/ -->\n<title>Un peu d&#039;histoire - P\u00e9pini\u00e8res Maymou<\/title>\n<meta name=\"robots\" content=\"index, follow, max-snippet:-1, max-image-preview:large, max-video-preview:-1\" \/>\n<link rel=\"canonical\" href=\"https:\/\/www.pepinieres-maymou.com\/es\/un-peu-dhistoire\/\" \/>\n<meta property=\"og:locale\" content=\"es_ES\" \/>\n<meta property=\"og:type\" content=\"article\" \/>\n<meta property=\"og:title\" content=\"Un peu d&#039;histoire - P\u00e9pini\u00e8res Maymou\" \/>\n<meta property=\"og:description\" content=\"[vc_row][vc_column][vc_text_separator title=\u00bbLa famille Maymou : p\u00e9pini\u00e9ristes de g\u00e9n\u00e9ration en g\u00e9n\u00e9ration\u00bb title_align=\u00bbseparator_align_left\u00bb color=\u00bbcustom\u00bb accent_color=\u00bb#9f3337&#8243; el_class=\u00bbh3&#8243;][\/vc_column][\/vc_row][vc_row][vc_column width=\u00bb2\/3&#8243;][vc_column_text]L&#8217;histoire des p\u00e9pini\u00e8res Maymou commence \u00e0 la fin du XIXeme si\u00e8cle, lorsque le jeune Paul Maymou s&#8217;installe dans la r\u00e9gion de Bayonne apr\u00e8s la guerre de 1870. Issu d&#8217;une famille agricole de la Montagne Noire, il d\u00e9couvre le m\u00e9tier de jardinier&hellip;\" \/>\n<meta property=\"og:url\" content=\"https:\/\/www.pepinieres-maymou.com\/es\/un-peu-dhistoire\/\" \/>\n<meta property=\"og:site_name\" content=\"P\u00e9pini\u00e8res Maymou\" \/>\n<meta property=\"article:modified_time\" content=\"2025-04-14T12:37:05+00:00\" \/>\n<meta name=\"twitter:card\" content=\"summary_large_image\" \/>\n<meta name=\"twitter:label1\" content=\"Tiempo de lectura\" \/>\n\t<meta name=\"twitter:data1\" content=\"2 minutos\" \/>\n<script type=\"application\/ld+json\" class=\"yoast-schema-graph\">{\"@context\":\"https:\/\/schema.org\",\"@graph\":[{\"@type\":\"WebPage\",\"@id\":\"https:\/\/www.pepinieres-maymou.com\/es\/un-peu-dhistoire\/\",\"url\":\"https:\/\/www.pepinieres-maymou.com\/es\/un-peu-dhistoire\/\",\"name\":\"Un peu d'histoire - P\u00e9pini\u00e8res Maymou\",\"isPartOf\":{\"@id\":\"https:\/\/www.pepinieres-maymou.com\/#website\"},\"datePublished\":\"2016-03-10T14:40:15+00:00\",\"dateModified\":\"2025-04-14T12:37:05+00:00\",\"breadcrumb\":{\"@id\":\"https:\/\/www.pepinieres-maymou.com\/es\/un-peu-dhistoire\/#breadcrumb\"},\"inLanguage\":\"es\",\"potentialAction\":[{\"@type\":\"ReadAction\",\"target\":[\"https:\/\/www.pepinieres-maymou.com\/es\/un-peu-dhistoire\/\"]}]},{\"@type\":\"BreadcrumbList\",\"@id\":\"https:\/\/www.pepinieres-maymou.com\/es\/un-peu-dhistoire\/#breadcrumb\",\"itemListElement\":[{\"@type\":\"ListItem\",\"position\":1,\"name\":\"Accueil\",\"item\":\"https:\/\/www.pepinieres-maymou.com\/es\/\"},{\"@type\":\"ListItem\",\"position\":2,\"name\":\"Un peu d&rsquo;histoire\"}]},{\"@type\":\"WebSite\",\"@id\":\"https:\/\/www.pepinieres-maymou.com\/#website\",\"url\":\"https:\/\/www.pepinieres-maymou.com\/\",\"name\":\"P\u00e9pini\u00e8res Maymou\",\"description\":\"Un site class\u00e9 au c\u0153ur de Bayonne\",\"potentialAction\":[{\"@type\":\"SearchAction\",\"target\":{\"@type\":\"EntryPoint\",\"urlTemplate\":\"https:\/\/www.pepinieres-maymou.com\/?s={search_term_string}\"},\"query-input\":{\"@type\":\"PropertyValueSpecification\",\"valueRequired\":true,\"valueName\":\"search_term_string\"}}],\"inLanguage\":\"es\"}]}<\/script>\n<!-- \/ Yoast SEO plugin. -->","yoast_head_json":{"title":"Un peu d'histoire - P\u00e9pini\u00e8res Maymou","robots":{"index":"index","follow":"follow","max-snippet":"max-snippet:-1","max-image-preview":"max-image-preview:large","max-video-preview":"max-video-preview:-1"},"canonical":"https:\/\/www.pepinieres-maymou.com\/es\/un-peu-dhistoire\/","og_locale":"es_ES","og_type":"article","og_title":"Un peu d'histoire - P\u00e9pini\u00e8res Maymou","og_description":"[vc_row][vc_column][vc_text_separator title=\u00bbLa famille Maymou : p\u00e9pini\u00e9ristes de g\u00e9n\u00e9ration en g\u00e9n\u00e9ration\u00bb title_align=\u00bbseparator_align_left\u00bb color=\u00bbcustom\u00bb accent_color=\u00bb#9f3337&#8243; el_class=\u00bbh3&#8243;][\/vc_column][\/vc_row][vc_row][vc_column width=\u00bb2\/3&#8243;][vc_column_text]L&#8217;histoire des p\u00e9pini\u00e8res Maymou commence \u00e0 la fin du XIXeme si\u00e8cle, lorsque le jeune Paul Maymou s&#8217;installe dans la r\u00e9gion de Bayonne apr\u00e8s la guerre de 1870. Issu d&#8217;une famille agricole de la Montagne Noire, il d\u00e9couvre le m\u00e9tier de jardinier&hellip;","og_url":"https:\/\/www.pepinieres-maymou.com\/es\/un-peu-dhistoire\/","og_site_name":"P\u00e9pini\u00e8res Maymou","article_modified_time":"2025-04-14T12:37:05+00:00","twitter_card":"summary_large_image","twitter_misc":{"Tiempo de lectura":"2 minutos"},"schema":{"@context":"https:\/\/schema.org","@graph":[{"@type":"WebPage","@id":"https:\/\/www.pepinieres-maymou.com\/es\/un-peu-dhistoire\/","url":"https:\/\/www.pepinieres-maymou.com\/es\/un-peu-dhistoire\/","name":"Un peu d'histoire - P\u00e9pini\u00e8res Maymou","isPartOf":{"@id":"https:\/\/www.pepinieres-maymou.com\/#website"},"datePublished":"2016-03-10T14:40:15+00:00","dateModified":"2025-04-14T12:37:05+00:00","breadcrumb":{"@id":"https:\/\/www.pepinieres-maymou.com\/es\/un-peu-dhistoire\/#breadcrumb"},"inLanguage":"es","potentialAction":[{"@type":"ReadAction","target":["https:\/\/www.pepinieres-maymou.com\/es\/un-peu-dhistoire\/"]}]},{"@type":"BreadcrumbList","@id":"https:\/\/www.pepinieres-maymou.com\/es\/un-peu-dhistoire\/#breadcrumb","itemListElement":[{"@type":"ListItem","position":1,"name":"Accueil","item":"https:\/\/www.pepinieres-maymou.com\/es\/"},{"@type":"ListItem","position":2,"name":"Un peu d&rsquo;histoire"}]},{"@type":"WebSite","@id":"https:\/\/www.pepinieres-maymou.com\/#website","url":"https:\/\/www.pepinieres-maymou.com\/","name":"P\u00e9pini\u00e8res Maymou","description":"Un site class\u00e9 au c\u0153ur de Bayonne","potentialAction":[{"@type":"SearchAction","target":{"@type":"EntryPoint","urlTemplate":"https:\/\/www.pepinieres-maymou.com\/?s={search_term_string}"},"query-input":{"@type":"PropertyValueSpecification","valueRequired":true,"valueName":"search_term_string"}}],"inLanguage":"es"}]}},"_links":{"self":[{"href":"https:\/\/www.pepinieres-maymou.com\/es\/wp-json\/wp\/v2\/pages\/3890","targetHints":{"allow":["GET"]}}],"collection":[{"href":"https:\/\/www.pepinieres-maymou.com\/es\/wp-json\/wp\/v2\/pages"}],"about":[{"href":"https:\/\/www.pepinieres-maymou.com\/es\/wp-json\/wp\/v2\/types\/page"}],"author":[{"embeddable":true,"href":"https:\/\/www.pepinieres-maymou.com\/es\/wp-json\/wp\/v2\/users\/2"}],"replies":[{"embeddable":true,"href":"https:\/\/www.pepinieres-maymou.com\/es\/wp-json\/wp\/v2\/comments?post=3890"}],"version-history":[{"count":1,"href":"https:\/\/www.pepinieres-maymou.com\/es\/wp-json\/wp\/v2\/pages\/3890\/revisions"}],"predecessor-version":[{"id":4252,"href":"https:\/\/www.pepinieres-maymou.com\/es\/wp-json\/wp\/v2\/pages\/3890\/revisions\/4252"}],"wp:attachment":[{"href":"https:\/\/www.pepinieres-maymou.com\/es\/wp-json\/wp\/v2\/media?parent=3890"}],"curies":[{"name":"wp","href":"https:\/\/api.w.org\/{rel}","templated":true}]}}