{"id":3892,"date":"2016-03-10T15:54:33","date_gmt":"2016-03-10T14:54:33","guid":{"rendered":"http:\/\/www.pepinieres-maymou.com\/videos\/?lang=es"},"modified":"2025-04-14T13:37:05","modified_gmt":"2025-04-14T12:37:05","slug":"videos","status":"publish","type":"page","link":"https:\/\/www.pepinieres-maymou.com\/es\/videos\/","title":{"rendered":"Vid\u00e9os"},"content":{"rendered":"<div class=\"wpb-content-wrapper\"><p>[vc_row][vc_column width=\u00bb1\/2&#8243;][vc_column_text]<iframe loading=\"lazy\" src=\"https:\/\/player.vimeo.com\/video\/5676483\" width=\"640\" height=\"360\" frameborder=\"0\" allowfullscreen=\"allowfullscreen\"><\/iframe><\/p>\n<p><a href=\"https:\/\/vimeo.com\/5676483\">Printemps dans les P\u00e9pini\u00e8res Maymou<\/a> from <a href=\"https:\/\/vimeo.com\/user639755\">Margouillat4<\/a> on <a href=\"https:\/\/vimeo.com\">Vimeo<\/a>.<\/p>\n<p>[\/vc_column_text][vc_column_text]<iframe loading=\"lazy\" src=\"https:\/\/player.vimeo.com\/video\/2654953\" width=\"640\" height=\"360\" frameborder=\"0\" allowfullscreen=\"allowfullscreen\"><\/iframe><\/p>\n<p><a href=\"https:\/\/vimeo.com\/2654953\">Automne dans les P\u00e9pini\u00e8res Maymou (Bayonne, France)<\/a> from <a href=\"https:\/\/vimeo.com\/user639755\">Margouillat4<\/a> on <a href=\"https:\/\/vimeo.com\">Vimeo<\/a>.<\/p>\n<p>[\/vc_column_text][\/vc_column][vc_column width=\u00bb1\/2&#8243;][vc_column_text]<iframe loading=\"lazy\" src=\"https:\/\/player.vimeo.com\/video\/7876732\" width=\"640\" height=\"360\" frameborder=\"0\" allowfullscreen=\"allowfullscreen\"><\/iframe><\/p>\n<p><a href=\"https:\/\/vimeo.com\/7876732\">Et\u00e9 dans les P\u00e9pinieres Maymou<\/a> from <a href=\"https:\/\/vimeo.com\/user639755\">Margouillat4<\/a> on <a href=\"https:\/\/vimeo.com\">Vimeo<\/a>.<\/p>\n<p>[\/vc_column_text][vc_column_text]<iframe loading=\"lazy\" src=\"https:\/\/player.vimeo.com\/video\/2841940\" width=\"640\" height=\"384\" frameborder=\"0\" allowfullscreen=\"allowfullscreen\"><\/iframe><\/p>\n<p><a href=\"https:\/\/vimeo.com\/2841940\">Hiver dans les P\u00e9pini\u00e8res Maymou (Bayonne, France)<\/a> from <a href=\"https:\/\/vimeo.com\/user639755\">Margouillat4<\/a> on <a href=\"https:\/\/vimeo.com\">Vimeo<\/a>.<\/p>\n<p>[\/vc_column_text][\/vc_column][\/vc_row]<\/p>\n<\/div>","protected":false},"excerpt":{"rendered":"<p>[vc_row][vc_column width=\u00bb1\/2&#8243;][vc_column_text] Printemps dans les P\u00e9pini\u00e8res Maymou from Margouillat4 on Vimeo. [\/vc_column_text][vc_column_text] Automne dans les P\u00e9pini\u00e8res Maymou (Bayonne, France) from Margouillat4 on Vimeo. [\/vc_column_text][\/vc_column][vc_column width=\u00bb1\/2&#8243;][vc_column_text] Et\u00e9 dans les P\u00e9pinieres Maymou from Margouillat4 on Vimeo. [\/vc_column_text][vc_column_text] Hiver dans les P\u00e9pini\u00e8res Maymou (Bayonne, France) from Margouillat4 on Vimeo. [\/vc_column_text][\/vc_column][\/vc_row]<\/p>\n","protected":false},"author":2,"featured_media":0,"parent":0,"menu_order":0,"comment_status":"closed","ping_status":"closed","template":"","meta":{"_acf_changed":false,"footnotes":""},"class_list":["post-3892","page","type-page","status-publish","hentry"],"acf":[],"yoast_head":"<!-- This site is optimized with the Yoast SEO plugin v26.5 - https:\/\/yoast.com\/wordpress\/plugins\/seo\/ -->\n<title>Vid\u00e9os - P\u00e9pini\u00e8res Maymou<\/title>\n<meta name=\"robots\" content=\"index, follow, max-snippet:-1, max-image-preview:large, max-video-preview:-1\" \/>\n<link rel=\"canonical\" href=\"https:\/\/www.pepinieres-maymou.com\/es\/videos\/\" \/>\n<meta property=\"og:locale\" content=\"es_ES\" \/>\n<meta property=\"og:type\" content=\"article\" \/>\n<meta property=\"og:title\" content=\"Vid\u00e9os - P\u00e9pini\u00e8res Maymou\" \/>\n<meta property=\"og:description\" content=\"[vc_row][vc_column width=\u00bb1\/2&#8243;][vc_column_text] Printemps dans les P\u00e9pini\u00e8res Maymou from Margouillat4 on Vimeo. [\/vc_column_text][vc_column_text] Automne dans les P\u00e9pini\u00e8res Maymou (Bayonne, France) from Margouillat4 on Vimeo. [\/vc_column_text][\/vc_column][vc_column width=\u00bb1\/2&#8243;][vc_column_text] Et\u00e9 dans les P\u00e9pinieres Maymou from Margouillat4 on Vimeo. [\/vc_column_text][vc_column_text] Hiver dans les P\u00e9pini\u00e8res Maymou (Bayonne, France) from Margouillat4 on Vimeo. [\/vc_column_text][\/vc_column][\/vc_row]\" \/>\n<meta property=\"og:url\" content=\"https:\/\/www.pepinieres-maymou.com\/es\/videos\/\" \/>\n<meta property=\"og:site_name\" content=\"P\u00e9pini\u00e8res Maymou\" \/>\n<meta property=\"article:modified_time\" content=\"2025-04-14T12:37:05+00:00\" \/>\n<meta name=\"twitter:card\" content=\"summary_large_image\" \/>\n<script type=\"application\/ld+json\" class=\"yoast-schema-graph\">{\"@context\":\"https:\/\/schema.org\",\"@graph\":[{\"@type\":\"WebPage\",\"@id\":\"https:\/\/www.pepinieres-maymou.com\/es\/videos\/\",\"url\":\"https:\/\/www.pepinieres-maymou.com\/es\/videos\/\",\"name\":\"Vid\u00e9os - P\u00e9pini\u00e8res Maymou\",\"isPartOf\":{\"@id\":\"https:\/\/www.pepinieres-maymou.com\/#website\"},\"datePublished\":\"2016-03-10T14:54:33+00:00\",\"dateModified\":\"2025-04-14T12:37:05+00:00\",\"breadcrumb\":{\"@id\":\"https:\/\/www.pepinieres-maymou.com\/es\/videos\/#breadcrumb\"},\"inLanguage\":\"es\",\"potentialAction\":[{\"@type\":\"ReadAction\",\"target\":[\"https:\/\/www.pepinieres-maymou.com\/es\/videos\/\"]}]},{\"@type\":\"BreadcrumbList\",\"@id\":\"https:\/\/www.pepinieres-maymou.com\/es\/videos\/#breadcrumb\",\"itemListElement\":[{\"@type\":\"ListItem\",\"position\":1,\"name\":\"Accueil\",\"item\":\"https:\/\/www.pepinieres-maymou.com\/es\/\"},{\"@type\":\"ListItem\",\"position\":2,\"name\":\"Vid\u00e9os\"}]},{\"@type\":\"WebSite\",\"@id\":\"https:\/\/www.pepinieres-maymou.com\/#website\",\"url\":\"https:\/\/www.pepinieres-maymou.com\/\",\"name\":\"P\u00e9pini\u00e8res Maymou\",\"description\":\"Un site class\u00e9 au c\u0153ur de Bayonne\",\"potentialAction\":[{\"@type\":\"SearchAction\",\"target\":{\"@type\":\"EntryPoint\",\"urlTemplate\":\"https:\/\/www.pepinieres-maymou.com\/?s={search_term_string}\"},\"query-input\":{\"@type\":\"PropertyValueSpecification\",\"valueRequired\":true,\"valueName\":\"search_term_string\"}}],\"inLanguage\":\"es\"}]}<\/script>\n<!-- \/ Yoast SEO plugin. -->","yoast_head_json":{"title":"Vid\u00e9os - P\u00e9pini\u00e8res Maymou","robots":{"index":"index","follow":"follow","max-snippet":"max-snippet:-1","max-image-preview":"max-image-preview:large","max-video-preview":"max-video-preview:-1"},"canonical":"https:\/\/www.pepinieres-maymou.com\/es\/videos\/","og_locale":"es_ES","og_type":"article","og_title":"Vid\u00e9os - P\u00e9pini\u00e8res Maymou","og_description":"[vc_row][vc_column width=\u00bb1\/2&#8243;][vc_column_text] Printemps dans les P\u00e9pini\u00e8res Maymou from Margouillat4 on Vimeo. [\/vc_column_text][vc_column_text] Automne dans les P\u00e9pini\u00e8res Maymou (Bayonne, France) from Margouillat4 on Vimeo. [\/vc_column_text][\/vc_column][vc_column width=\u00bb1\/2&#8243;][vc_column_text] Et\u00e9 dans les P\u00e9pinieres Maymou from Margouillat4 on Vimeo. [\/vc_column_text][vc_column_text] Hiver dans les P\u00e9pini\u00e8res Maymou (Bayonne, France) from Margouillat4 on Vimeo. [\/vc_column_text][\/vc_column][\/vc_row]","og_url":"https:\/\/www.pepinieres-maymou.com\/es\/videos\/","og_site_name":"P\u00e9pini\u00e8res Maymou","article_modified_time":"2025-04-14T12:37:05+00:00","twitter_card":"summary_large_image","schema":{"@context":"https:\/\/schema.org","@graph":[{"@type":"WebPage","@id":"https:\/\/www.pepinieres-maymou.com\/es\/videos\/","url":"https:\/\/www.pepinieres-maymou.com\/es\/videos\/","name":"Vid\u00e9os - P\u00e9pini\u00e8res Maymou","isPartOf":{"@id":"https:\/\/www.pepinieres-maymou.com\/#website"},"datePublished":"2016-03-10T14:54:33+00:00","dateModified":"2025-04-14T12:37:05+00:00","breadcrumb":{"@id":"https:\/\/www.pepinieres-maymou.com\/es\/videos\/#breadcrumb"},"inLanguage":"es","potentialAction":[{"@type":"ReadAction","target":["https:\/\/www.pepinieres-maymou.com\/es\/videos\/"]}]},{"@type":"BreadcrumbList","@id":"https:\/\/www.pepinieres-maymou.com\/es\/videos\/#breadcrumb","itemListElement":[{"@type":"ListItem","position":1,"name":"Accueil","item":"https:\/\/www.pepinieres-maymou.com\/es\/"},{"@type":"ListItem","position":2,"name":"Vid\u00e9os"}]},{"@type":"WebSite","@id":"https:\/\/www.pepinieres-maymou.com\/#website","url":"https:\/\/www.pepinieres-maymou.com\/","name":"P\u00e9pini\u00e8res Maymou","description":"Un site class\u00e9 au c\u0153ur de Bayonne","potentialAction":[{"@type":"SearchAction","target":{"@type":"EntryPoint","urlTemplate":"https:\/\/www.pepinieres-maymou.com\/?s={search_term_string}"},"query-input":{"@type":"PropertyValueSpecification","valueRequired":true,"valueName":"search_term_string"}}],"inLanguage":"es"}]}},"_links":{"self":[{"href":"https:\/\/www.pepinieres-maymou.com\/es\/wp-json\/wp\/v2\/pages\/3892","targetHints":{"allow":["GET"]}}],"collection":[{"href":"https:\/\/www.pepinieres-maymou.com\/es\/wp-json\/wp\/v2\/pages"}],"about":[{"href":"https:\/\/www.pepinieres-maymou.com\/es\/wp-json\/wp\/v2\/types\/page"}],"author":[{"embeddable":true,"href":"https:\/\/www.pepinieres-maymou.com\/es\/wp-json\/wp\/v2\/users\/2"}],"replies":[{"embeddable":true,"href":"https:\/\/www.pepinieres-maymou.com\/es\/wp-json\/wp\/v2\/comments?post=3892"}],"version-history":[{"count":14,"href":"https:\/\/www.pepinieres-maymou.com\/es\/wp-json\/wp\/v2\/pages\/3892\/revisions"}],"predecessor-version":[{"id":4098,"href":"https:\/\/www.pepinieres-maymou.com\/es\/wp-json\/wp\/v2\/pages\/3892\/revisions\/4098"}],"wp:attachment":[{"href":"https:\/\/www.pepinieres-maymou.com\/es\/wp-json\/wp\/v2\/media?parent=3892"}],"curies":[{"name":"wp","href":"https:\/\/api.w.org\/{rel}","templated":true}]}}