{"id":3895,"date":"2016-03-10T15:02:25","date_gmt":"2016-03-10T14:02:25","guid":{"rendered":"http:\/\/www.pepinieres-maymou.com\/le-catalogue-des-pepiniere-maymou\/?lang=es"},"modified":"2025-04-14T13:37:03","modified_gmt":"2025-04-14T12:37:03","slug":"le-catalogue-des-pepiniere-maymou","status":"publish","type":"page","link":"https:\/\/www.pepinieres-maymou.com\/es\/le-catalogue-des-pepiniere-maymou\/","title":{"rendered":"Le catalogue des p\u00e9pini\u00e8res Maymou"},"content":{"rendered":"<div class=\"wpb-content-wrapper\"><p>[vc_row][vc_column][vc_text_separator title=\u00bbLe catalogue\u00bb title_align=\u00bbseparator_align_left\u00bb color=\u00bbcustom\u00bb accent_color=\u00bb#9f3337&#8243; el_class=\u00bbh3&#8243;][\/vc_column][\/vc_row][vc_row][vc_column][lab_portfolio_items category_filter=\u00bbno\u00bb columns=\u00bb3&#8243; portfolio_query=\u00bbsize:12|order_by:date|order:DESC|post_type:portfolio|tax_query:36&#8243;][\/vc_column][\/vc_row][vc_row][vc_column][vc_text_separator title=\u00bbNos sp\u00e9cialit\u00e9s\u00bb title_align=\u00bbseparator_align_left\u00bb color=\u00bbcustom\u00bb accent_color=\u00bb#9f3337&#8243; el_class=\u00bbh3&#8243;][\/vc_column][\/vc_row][vc_row][vc_column][lab_portfolio_items category_filter=\u00bbno\u00bb portfolio_query=\u00bbsize:12|order_by:date|post_type:,portfolio|tax_query:37&#8243;][\/vc_column][\/vc_row]<\/p>\n<\/div>","protected":false},"excerpt":{"rendered":"<p>[vc_row][vc_column][vc_text_separator title=\u00bbLe catalogue\u00bb title_align=\u00bbseparator_align_left\u00bb color=\u00bbcustom\u00bb accent_color=\u00bb#9f3337&#8243; el_class=\u00bbh3&#8243;][\/vc_column][\/vc_row][vc_row][vc_column][lab_portfolio_items category_filter=\u00bbno\u00bb columns=\u00bb3&#8243; portfolio_query=\u00bbsize:12|order_by:date|order:DESC|post_type:portfolio|tax_query:36&#8243;][\/vc_column][\/vc_row][vc_row][vc_column][vc_text_separator title=\u00bbNos sp\u00e9cialit\u00e9s\u00bb title_align=\u00bbseparator_align_left\u00bb color=\u00bbcustom\u00bb accent_color=\u00bb#9f3337&#8243; el_class=\u00bbh3&#8243;][\/vc_column][\/vc_row][vc_row][vc_column][lab_portfolio_items category_filter=\u00bbno\u00bb portfolio_query=\u00bbsize:12|order_by:date|post_type:,portfolio|tax_query:37&#8243;][\/vc_column][\/vc_row]<\/p>\n","protected":false},"author":2,"featured_media":0,"parent":0,"menu_order":0,"comment_status":"closed","ping_status":"closed","template":"","meta":{"_acf_changed":false,"footnotes":""},"class_list":["post-3895","page","type-page","status-publish","hentry"],"acf":[],"yoast_head":"<!-- This site is optimized with the Yoast SEO plugin v26.5 - https:\/\/yoast.com\/wordpress\/plugins\/seo\/ -->\n<title>Le catalogue des p\u00e9pini\u00e8res Maymou - P\u00e9pini\u00e8res Maymou<\/title>\n<meta name=\"robots\" content=\"index, follow, max-snippet:-1, max-image-preview:large, max-video-preview:-1\" \/>\n<link rel=\"canonical\" href=\"https:\/\/www.pepinieres-maymou.com\/es\/le-catalogue-des-pepiniere-maymou\/\" \/>\n<meta property=\"og:locale\" content=\"es_ES\" \/>\n<meta property=\"og:type\" content=\"article\" \/>\n<meta property=\"og:title\" content=\"Le catalogue des p\u00e9pini\u00e8res Maymou - P\u00e9pini\u00e8res Maymou\" \/>\n<meta property=\"og:description\" content=\"[vc_row][vc_column][vc_text_separator title=\u00bbLe catalogue\u00bb title_align=\u00bbseparator_align_left\u00bb color=\u00bbcustom\u00bb accent_color=\u00bb#9f3337&#8243; el_class=\u00bbh3&#8243;][\/vc_column][\/vc_row][vc_row][vc_column][lab_portfolio_items category_filter=\u00bbno\u00bb columns=\u00bb3&#8243; portfolio_query=\u00bbsize:12|order_by:date|order:DESC|post_type:portfolio|tax_query:36&#8243;][\/vc_column][\/vc_row][vc_row][vc_column][vc_text_separator title=\u00bbNos sp\u00e9cialit\u00e9s\u00bb title_align=\u00bbseparator_align_left\u00bb color=\u00bbcustom\u00bb accent_color=\u00bb#9f3337&#8243; el_class=\u00bbh3&#8243;][\/vc_column][\/vc_row][vc_row][vc_column][lab_portfolio_items category_filter=\u00bbno\u00bb portfolio_query=\u00bbsize:12|order_by:date|post_type:,portfolio|tax_query:37&#8243;][\/vc_column][\/vc_row]\" \/>\n<meta property=\"og:url\" content=\"https:\/\/www.pepinieres-maymou.com\/es\/le-catalogue-des-pepiniere-maymou\/\" \/>\n<meta property=\"og:site_name\" content=\"P\u00e9pini\u00e8res Maymou\" \/>\n<meta property=\"article:modified_time\" content=\"2025-04-14T12:37:03+00:00\" \/>\n<meta name=\"twitter:card\" content=\"summary_large_image\" \/>\n<meta name=\"twitter:label1\" content=\"Tiempo de lectura\" \/>\n\t<meta name=\"twitter:data1\" content=\"1 minuto\" \/>\n<script type=\"application\/ld+json\" class=\"yoast-schema-graph\">{\"@context\":\"https:\/\/schema.org\",\"@graph\":[{\"@type\":\"WebPage\",\"@id\":\"https:\/\/www.pepinieres-maymou.com\/es\/le-catalogue-des-pepiniere-maymou\/\",\"url\":\"https:\/\/www.pepinieres-maymou.com\/es\/le-catalogue-des-pepiniere-maymou\/\",\"name\":\"Le catalogue des p\u00e9pini\u00e8res Maymou - P\u00e9pini\u00e8res Maymou\",\"isPartOf\":{\"@id\":\"https:\/\/www.pepinieres-maymou.com\/#website\"},\"datePublished\":\"2016-03-10T14:02:25+00:00\",\"dateModified\":\"2025-04-14T12:37:03+00:00\",\"breadcrumb\":{\"@id\":\"https:\/\/www.pepinieres-maymou.com\/es\/le-catalogue-des-pepiniere-maymou\/#breadcrumb\"},\"inLanguage\":\"es\",\"potentialAction\":[{\"@type\":\"ReadAction\",\"target\":[\"https:\/\/www.pepinieres-maymou.com\/es\/le-catalogue-des-pepiniere-maymou\/\"]}]},{\"@type\":\"BreadcrumbList\",\"@id\":\"https:\/\/www.pepinieres-maymou.com\/es\/le-catalogue-des-pepiniere-maymou\/#breadcrumb\",\"itemListElement\":[{\"@type\":\"ListItem\",\"position\":1,\"name\":\"Accueil\",\"item\":\"https:\/\/www.pepinieres-maymou.com\/es\/\"},{\"@type\":\"ListItem\",\"position\":2,\"name\":\"Le catalogue des p\u00e9pini\u00e8res Maymou\"}]},{\"@type\":\"WebSite\",\"@id\":\"https:\/\/www.pepinieres-maymou.com\/#website\",\"url\":\"https:\/\/www.pepinieres-maymou.com\/\",\"name\":\"P\u00e9pini\u00e8res Maymou\",\"description\":\"Un site class\u00e9 au c\u0153ur de Bayonne\",\"potentialAction\":[{\"@type\":\"SearchAction\",\"target\":{\"@type\":\"EntryPoint\",\"urlTemplate\":\"https:\/\/www.pepinieres-maymou.com\/?s={search_term_string}\"},\"query-input\":{\"@type\":\"PropertyValueSpecification\",\"valueRequired\":true,\"valueName\":\"search_term_string\"}}],\"inLanguage\":\"es\"}]}<\/script>\n<!-- \/ Yoast SEO plugin. -->","yoast_head_json":{"title":"Le catalogue des p\u00e9pini\u00e8res Maymou - P\u00e9pini\u00e8res Maymou","robots":{"index":"index","follow":"follow","max-snippet":"max-snippet:-1","max-image-preview":"max-image-preview:large","max-video-preview":"max-video-preview:-1"},"canonical":"https:\/\/www.pepinieres-maymou.com\/es\/le-catalogue-des-pepiniere-maymou\/","og_locale":"es_ES","og_type":"article","og_title":"Le catalogue des p\u00e9pini\u00e8res Maymou - P\u00e9pini\u00e8res Maymou","og_description":"[vc_row][vc_column][vc_text_separator title=\u00bbLe catalogue\u00bb title_align=\u00bbseparator_align_left\u00bb color=\u00bbcustom\u00bb accent_color=\u00bb#9f3337&#8243; el_class=\u00bbh3&#8243;][\/vc_column][\/vc_row][vc_row][vc_column][lab_portfolio_items category_filter=\u00bbno\u00bb columns=\u00bb3&#8243; portfolio_query=\u00bbsize:12|order_by:date|order:DESC|post_type:portfolio|tax_query:36&#8243;][\/vc_column][\/vc_row][vc_row][vc_column][vc_text_separator title=\u00bbNos sp\u00e9cialit\u00e9s\u00bb title_align=\u00bbseparator_align_left\u00bb color=\u00bbcustom\u00bb accent_color=\u00bb#9f3337&#8243; el_class=\u00bbh3&#8243;][\/vc_column][\/vc_row][vc_row][vc_column][lab_portfolio_items category_filter=\u00bbno\u00bb portfolio_query=\u00bbsize:12|order_by:date|post_type:,portfolio|tax_query:37&#8243;][\/vc_column][\/vc_row]","og_url":"https:\/\/www.pepinieres-maymou.com\/es\/le-catalogue-des-pepiniere-maymou\/","og_site_name":"P\u00e9pini\u00e8res Maymou","article_modified_time":"2025-04-14T12:37:03+00:00","twitter_card":"summary_large_image","twitter_misc":{"Tiempo de lectura":"1 minuto"},"schema":{"@context":"https:\/\/schema.org","@graph":[{"@type":"WebPage","@id":"https:\/\/www.pepinieres-maymou.com\/es\/le-catalogue-des-pepiniere-maymou\/","url":"https:\/\/www.pepinieres-maymou.com\/es\/le-catalogue-des-pepiniere-maymou\/","name":"Le catalogue des p\u00e9pini\u00e8res Maymou - P\u00e9pini\u00e8res Maymou","isPartOf":{"@id":"https:\/\/www.pepinieres-maymou.com\/#website"},"datePublished":"2016-03-10T14:02:25+00:00","dateModified":"2025-04-14T12:37:03+00:00","breadcrumb":{"@id":"https:\/\/www.pepinieres-maymou.com\/es\/le-catalogue-des-pepiniere-maymou\/#breadcrumb"},"inLanguage":"es","potentialAction":[{"@type":"ReadAction","target":["https:\/\/www.pepinieres-maymou.com\/es\/le-catalogue-des-pepiniere-maymou\/"]}]},{"@type":"BreadcrumbList","@id":"https:\/\/www.pepinieres-maymou.com\/es\/le-catalogue-des-pepiniere-maymou\/#breadcrumb","itemListElement":[{"@type":"ListItem","position":1,"name":"Accueil","item":"https:\/\/www.pepinieres-maymou.com\/es\/"},{"@type":"ListItem","position":2,"name":"Le catalogue des p\u00e9pini\u00e8res Maymou"}]},{"@type":"WebSite","@id":"https:\/\/www.pepinieres-maymou.com\/#website","url":"https:\/\/www.pepinieres-maymou.com\/","name":"P\u00e9pini\u00e8res Maymou","description":"Un site class\u00e9 au c\u0153ur de Bayonne","potentialAction":[{"@type":"SearchAction","target":{"@type":"EntryPoint","urlTemplate":"https:\/\/www.pepinieres-maymou.com\/?s={search_term_string}"},"query-input":{"@type":"PropertyValueSpecification","valueRequired":true,"valueName":"search_term_string"}}],"inLanguage":"es"}]}},"_links":{"self":[{"href":"https:\/\/www.pepinieres-maymou.com\/es\/wp-json\/wp\/v2\/pages\/3895","targetHints":{"allow":["GET"]}}],"collection":[{"href":"https:\/\/www.pepinieres-maymou.com\/es\/wp-json\/wp\/v2\/pages"}],"about":[{"href":"https:\/\/www.pepinieres-maymou.com\/es\/wp-json\/wp\/v2\/types\/page"}],"author":[{"embeddable":true,"href":"https:\/\/www.pepinieres-maymou.com\/es\/wp-json\/wp\/v2\/users\/2"}],"replies":[{"embeddable":true,"href":"https:\/\/www.pepinieres-maymou.com\/es\/wp-json\/wp\/v2\/comments?post=3895"}],"version-history":[{"count":6,"href":"https:\/\/www.pepinieres-maymou.com\/es\/wp-json\/wp\/v2\/pages\/3895\/revisions"}],"predecessor-version":[{"id":4116,"href":"https:\/\/www.pepinieres-maymou.com\/es\/wp-json\/wp\/v2\/pages\/3895\/revisions\/4116"}],"wp:attachment":[{"href":"https:\/\/www.pepinieres-maymou.com\/es\/wp-json\/wp\/v2\/media?parent=3895"}],"curies":[{"name":"wp","href":"https:\/\/api.w.org\/{rel}","templated":true}]}}