{"id":3904,"date":"2015-03-19T00:35:05","date_gmt":"2015-03-19T00:35:05","guid":{"rendered":"http:\/\/www.pepinieres-maymou.com\/home\/?lang=es"},"modified":"2016-03-23T13:17:52","modified_gmt":"2016-03-23T12:17:52","slug":"home","status":"publish","type":"page","link":"https:\/\/www.pepinieres-maymou.com\/es\/","title":{"rendered":"Maymou, los viveros en Bayona"},"content":{"rendered":"<div class=\"wpb-content-wrapper\"><p>[vc_row][vc_column][layerslider_vc id=\u00bb1&#8243;][\/vc_column][\/vc_row][vc_row][vc_column][vc_text_separator title=\u00bbMaymou, los viveros en Bayona\u00bb el_class=\u00bbh1&#8243;][\/vc_column][\/vc_row][vc_row][vc_column][vc_column_text]<strong>Tras la ZUP Hauts de Sainte Croix en Bayona,<\/strong> los viveros Maymou disimulan, protegi\u00e9ndolo, un para\u00edso de 7 hect\u00e1reas donde crecen miles de \u00e1rboles y arbustos excepcionales.<\/p>\n<p><strong>Desde 1880, la familia Maymou perpet\u00faa una habilidad \u00fanica<\/strong> que combina m\u00e9todo tradicional, conocimiento bot\u00e1nico, paciencia y amor a las plantas. Desde la planta m\u00e1s modesta hasta los \u00e1rboles m\u00e1s suntuosos, todos benefician de la calidad y de la experiencia Maymou.<\/p>\n<p><strong>Criados \u00ab a lo duro \u00bb en el clima del Pa\u00eds Vasco<\/strong>, desarrollan una resistencia extrema a las enfermedades y a los caprichos del tiempo. Arces japoneses, magnolias, cornejos, camelias : los bot\u00e1nicos y paisajistas de toda Francia reconocen y aprecian por su calidad excepcional los \u00e1rboles y arbustos Maymou. Tambi\u00e9n se aprecian mucho por su rusticidad los frutales Maymou, injertados en los mismos viveros.<\/p>\n<p><strong>Clasificados \u00ab sitio natural protegido \u00bb<\/strong> por decreto ministerial desde 2008, los viveros Maymou tambi\u00e9n son un oasis natural para muchas especies amenazadas por la urbanizaci\u00f3n. Se realizan actualmente un inventario de la fauna y de la flora silvestre as\u00ed como una clasificaci\u00f3n de los \u00e1rboles m\u00e1s notables.[\/vc_column_text][\/vc_column][\/vc_row][vc_row full_width=\u00bblab-full-width\u00bb parallax=\u00bbcontent-moving-fade\u00bb css=\u00bb.vc_custom_1457696493704{border-bottom-width: 200px !important;padding-top: 200px !important;background-image: url(http:\/\/www.pepinieres-maymou.com\/wp-content\/uploads\/2015\/03\/savoir-faire-maymou.jpg?id=3849) !important;}\u00bb][vc_column][vc_column_text]<\/p>\n<h3 style=\"text-align: center;\"><span style=\"color: #ffffff;\"><a style=\"color: #ffffff;\" href=\"http:\/\/www.pepinieres-maymou.com\/un-peu-dhistoire\/\">La familia Maymou :<br \/>\nviverista de generaci\u00f3n en generaci\u00f3n desde hace 150 a\u00f1os<\/a><\/span><\/h3>\n<p>[\/vc_column_text][\/vc_column][\/vc_row][vc_row][vc_column][vc_text_separator title=\u00bbNuestras especialidades\u00bb title_align=\u00bbseparator_align_left\u00bb color=\u00bbcustom\u00bb accent_color=\u00bb#9f3337&#8243; el_class=\u00bbh2&#8243;][\/vc_column][\/vc_row][vc_row][vc_column][lab_portfolio_items portfolio_type=\u00bbtype-2&#8243; reveal_effect=\u00bbnone\u00bb category_filter=\u00bbno\u00bb portfolio_query=\u00bbsize:3|order_by:menu_order|order:ASC|post_type:,portfolio|tax_query:37&#8243;][\/vc_column][\/vc_row][vc_row][vc_column][vc_text_separator title=\u00bbEl cat\u00e1logo\u00bb title_align=\u00bbseparator_align_left\u00bb color=\u00bbcustom\u00bb accent_color=\u00bb#9f3337&#8243; el_class=\u00bbh2&#8243;][\/vc_column][\/vc_row][vc_row][vc_column][lab_portfolio_items portfolio_type=\u00bbtype-2&#8243; dynamic_image_height=\u00bbyes\u00bb category_filter=\u00bbno\u00bb portfolio_query=\u00bbsize:9|order_by:date|order:DESC|post_type:,portfolio|tax_query:42&#8243;][\/vc_column][\/vc_row][vc_row full_width=\u00bblab-full-width\u00bb parallax=\u00bbcontent-moving-fade\u00bb css=\u00bb.vc_custom_1457696663806{border-bottom-width: 200px !important;padding-top: 200px !important;background-image: url(http:\/\/www.pepinieres-maymou.com\/wp-content\/uploads\/2015\/03\/maymou-bayonne2.jpg?id=3859) !important;}\u00bb][vc_column][vc_column_text]<\/p>\n<h3 style=\"text-align: center;\"><\/h3>\n<h3 style=\"text-align: center;\"><\/h3>\n<h3 style=\"text-align: center;\"><span style=\"color: #ffffff;\"><a style=\"color: #ffffff;\" href=\"http:\/\/www.pepinieres-maymou.com\/un-site-classe\/\">Un patrimonio vegetal<\/a><\/span><\/h3>\n<p>[\/vc_column_text][\/vc_column][\/vc_row]<\/p>\n<\/div>","protected":false},"excerpt":{"rendered":"<p>[vc_row][vc_column][layerslider_vc id=\u00bb1&#8243;][\/vc_column][\/vc_row][vc_row][vc_column][vc_text_separator title=\u00bbMaymou, los viveros en Bayona\u00bb el_class=\u00bbh1&#8243;][\/vc_column][\/vc_row][vc_row][vc_column][vc_column_text]Tras la ZUP Hauts de Sainte Croix en Bayona, los viveros Maymou disimulan, protegi\u00e9ndolo, un para\u00edso de 7 hect\u00e1reas donde crecen miles de \u00e1rboles y arbustos excepcionales. Desde 1880, la familia Maymou perpet\u00faa una habilidad \u00fanica que combina m\u00e9todo tradicional, conocimiento bot\u00e1nico, paciencia y amor a las plantas.&hellip;<\/p>\n","protected":false},"author":1,"featured_media":0,"parent":0,"menu_order":0,"comment_status":"closed","ping_status":"open","template":"","meta":{"_acf_changed":false,"footnotes":""},"class_list":["post-3904","page","type-page","status-publish","hentry"],"acf":[],"yoast_head":"<!-- This site is optimized with the Yoast SEO plugin v26.5 - https:\/\/yoast.com\/wordpress\/plugins\/seo\/ -->\n<title>Maymou, los viveros en Bayona - P\u00e9pini\u00e8res Maymou<\/title>\n<meta name=\"robots\" content=\"index, follow, max-snippet:-1, max-image-preview:large, max-video-preview:-1\" \/>\n<link rel=\"canonical\" href=\"https:\/\/www.pepinieres-maymou.com\/es\/\" \/>\n<meta property=\"og:locale\" content=\"es_ES\" \/>\n<meta property=\"og:type\" content=\"article\" \/>\n<meta property=\"og:title\" content=\"Maymou, los viveros en Bayona - P\u00e9pini\u00e8res Maymou\" \/>\n<meta property=\"og:description\" content=\"[vc_row][vc_column][layerslider_vc id=\u00bb1&#8243;][\/vc_column][\/vc_row][vc_row][vc_column][vc_text_separator title=\u00bbMaymou, los viveros en Bayona\u00bb el_class=\u00bbh1&#8243;][\/vc_column][\/vc_row][vc_row][vc_column][vc_column_text]Tras la ZUP Hauts de Sainte Croix en Bayona, los viveros Maymou disimulan, protegi\u00e9ndolo, un para\u00edso de 7 hect\u00e1reas donde crecen miles de \u00e1rboles y arbustos excepcionales. Desde 1880, la familia Maymou perpet\u00faa una habilidad \u00fanica que combina m\u00e9todo tradicional, conocimiento bot\u00e1nico, paciencia y amor a las plantas.&hellip;\" \/>\n<meta property=\"og:url\" content=\"https:\/\/www.pepinieres-maymou.com\/es\/\" \/>\n<meta property=\"og:site_name\" content=\"P\u00e9pini\u00e8res Maymou\" \/>\n<meta property=\"article:modified_time\" content=\"2016-03-23T12:17:52+00:00\" \/>\n<meta name=\"twitter:card\" content=\"summary_large_image\" \/>\n<meta name=\"twitter:label1\" content=\"Tiempo de lectura\" \/>\n\t<meta name=\"twitter:data1\" content=\"2 minutos\" \/>\n<script type=\"application\/ld+json\" class=\"yoast-schema-graph\">{\"@context\":\"https:\/\/schema.org\",\"@graph\":[{\"@type\":\"WebPage\",\"@id\":\"https:\/\/www.pepinieres-maymou.com\/es\/\",\"url\":\"https:\/\/www.pepinieres-maymou.com\/es\/\",\"name\":\"Maymou, los viveros en Bayona - P\u00e9pini\u00e8res Maymou\",\"isPartOf\":{\"@id\":\"https:\/\/www.pepinieres-maymou.com\/#website\"},\"datePublished\":\"2015-03-19T00:35:05+00:00\",\"dateModified\":\"2016-03-23T12:17:52+00:00\",\"breadcrumb\":{\"@id\":\"https:\/\/www.pepinieres-maymou.com\/es\/#breadcrumb\"},\"inLanguage\":\"es\",\"potentialAction\":[{\"@type\":\"ReadAction\",\"target\":[\"https:\/\/www.pepinieres-maymou.com\/es\/\"]}]},{\"@type\":\"BreadcrumbList\",\"@id\":\"https:\/\/www.pepinieres-maymou.com\/es\/#breadcrumb\",\"itemListElement\":[{\"@type\":\"ListItem\",\"position\":1,\"name\":\"Accueil\",\"item\":\"https:\/\/www.pepinieres-maymou.com\/es\/\"},{\"@type\":\"ListItem\",\"position\":2,\"name\":\"Maymou, los viveros en Bayona\"}]},{\"@type\":\"WebSite\",\"@id\":\"https:\/\/www.pepinieres-maymou.com\/#website\",\"url\":\"https:\/\/www.pepinieres-maymou.com\/\",\"name\":\"P\u00e9pini\u00e8res Maymou\",\"description\":\"Un site class\u00e9 au c\u0153ur de Bayonne\",\"potentialAction\":[{\"@type\":\"SearchAction\",\"target\":{\"@type\":\"EntryPoint\",\"urlTemplate\":\"https:\/\/www.pepinieres-maymou.com\/?s={search_term_string}\"},\"query-input\":{\"@type\":\"PropertyValueSpecification\",\"valueRequired\":true,\"valueName\":\"search_term_string\"}}],\"inLanguage\":\"es\"}]}<\/script>\n<!-- \/ Yoast SEO plugin. -->","yoast_head_json":{"title":"Maymou, los viveros en Bayona - P\u00e9pini\u00e8res Maymou","robots":{"index":"index","follow":"follow","max-snippet":"max-snippet:-1","max-image-preview":"max-image-preview:large","max-video-preview":"max-video-preview:-1"},"canonical":"https:\/\/www.pepinieres-maymou.com\/es\/","og_locale":"es_ES","og_type":"article","og_title":"Maymou, los viveros en Bayona - P\u00e9pini\u00e8res Maymou","og_description":"[vc_row][vc_column][layerslider_vc id=\u00bb1&#8243;][\/vc_column][\/vc_row][vc_row][vc_column][vc_text_separator title=\u00bbMaymou, los viveros en Bayona\u00bb el_class=\u00bbh1&#8243;][\/vc_column][\/vc_row][vc_row][vc_column][vc_column_text]Tras la ZUP Hauts de Sainte Croix en Bayona, los viveros Maymou disimulan, protegi\u00e9ndolo, un para\u00edso de 7 hect\u00e1reas donde crecen miles de \u00e1rboles y arbustos excepcionales. Desde 1880, la familia Maymou perpet\u00faa una habilidad \u00fanica que combina m\u00e9todo tradicional, conocimiento bot\u00e1nico, paciencia y amor a las plantas.&hellip;","og_url":"https:\/\/www.pepinieres-maymou.com\/es\/","og_site_name":"P\u00e9pini\u00e8res Maymou","article_modified_time":"2016-03-23T12:17:52+00:00","twitter_card":"summary_large_image","twitter_misc":{"Tiempo de lectura":"2 minutos"},"schema":{"@context":"https:\/\/schema.org","@graph":[{"@type":"WebPage","@id":"https:\/\/www.pepinieres-maymou.com\/es\/","url":"https:\/\/www.pepinieres-maymou.com\/es\/","name":"Maymou, los viveros en Bayona - P\u00e9pini\u00e8res Maymou","isPartOf":{"@id":"https:\/\/www.pepinieres-maymou.com\/#website"},"datePublished":"2015-03-19T00:35:05+00:00","dateModified":"2016-03-23T12:17:52+00:00","breadcrumb":{"@id":"https:\/\/www.pepinieres-maymou.com\/es\/#breadcrumb"},"inLanguage":"es","potentialAction":[{"@type":"ReadAction","target":["https:\/\/www.pepinieres-maymou.com\/es\/"]}]},{"@type":"BreadcrumbList","@id":"https:\/\/www.pepinieres-maymou.com\/es\/#breadcrumb","itemListElement":[{"@type":"ListItem","position":1,"name":"Accueil","item":"https:\/\/www.pepinieres-maymou.com\/es\/"},{"@type":"ListItem","position":2,"name":"Maymou, los viveros en Bayona"}]},{"@type":"WebSite","@id":"https:\/\/www.pepinieres-maymou.com\/#website","url":"https:\/\/www.pepinieres-maymou.com\/","name":"P\u00e9pini\u00e8res Maymou","description":"Un site class\u00e9 au c\u0153ur de Bayonne","potentialAction":[{"@type":"SearchAction","target":{"@type":"EntryPoint","urlTemplate":"https:\/\/www.pepinieres-maymou.com\/?s={search_term_string}"},"query-input":{"@type":"PropertyValueSpecification","valueRequired":true,"valueName":"search_term_string"}}],"inLanguage":"es"}]}},"_links":{"self":[{"href":"https:\/\/www.pepinieres-maymou.com\/es\/wp-json\/wp\/v2\/pages\/3904","targetHints":{"allow":["GET"]}}],"collection":[{"href":"https:\/\/www.pepinieres-maymou.com\/es\/wp-json\/wp\/v2\/pages"}],"about":[{"href":"https:\/\/www.pepinieres-maymou.com\/es\/wp-json\/wp\/v2\/types\/page"}],"author":[{"embeddable":true,"href":"https:\/\/www.pepinieres-maymou.com\/es\/wp-json\/wp\/v2\/users\/1"}],"replies":[{"embeddable":true,"href":"https:\/\/www.pepinieres-maymou.com\/es\/wp-json\/wp\/v2\/comments?post=3904"}],"version-history":[{"count":15,"href":"https:\/\/www.pepinieres-maymou.com\/es\/wp-json\/wp\/v2\/pages\/3904\/revisions"}],"predecessor-version":[{"id":4062,"href":"https:\/\/www.pepinieres-maymou.com\/es\/wp-json\/wp\/v2\/pages\/3904\/revisions\/4062"}],"wp:attachment":[{"href":"https:\/\/www.pepinieres-maymou.com\/es\/wp-json\/wp\/v2\/media?parent=3904"}],"curies":[{"name":"wp","href":"https:\/\/api.w.org\/{rel}","templated":true}]}}